{"id":796,"date":"2025-08-12T20:41:44","date_gmt":"2025-08-12T20:41:44","guid":{"rendered":"https:\/\/ipo-sektiondeu.org\/?page_id=796"},"modified":"2025-09-10T08:53:10","modified_gmt":"2025-09-10T08:53:10","slug":"zeljko-schiess-praesident-der-ipo-sektion-deutschland-e-v","status":"publish","type":"page","link":"https:\/\/ipo-sektiondeu.org\/english\/zeljko-schiess-praesident-der-ipo-sektion-deutschland-e-v\/","title":{"rendered":"Zeljko Schiess"},"content":{"rendered":"<div data-elementor-type=\"wp-page\" data-elementor-id=\"796\" class=\"elementor elementor-796\">\n\t\t\t\t\t\t<section class=\"elementor-section elementor-top-section elementor-element elementor-element-59a37e2 elementor-section-boxed elementor-section-height-default elementor-section-height-default\" data-id=\"59a37e2\" data-element_type=\"section\" data-e-type=\"section\">\n\t\t\t\t\t\t<div class=\"elementor-container elementor-column-gap-default\">\n\t\t\t\t\t<div class=\"elementor-column elementor-col-50 elementor-top-column elementor-element elementor-element-16ca759\" data-id=\"16ca759\" data-element_type=\"column\" data-e-type=\"column\">\n\t\t\t<div class=\"elementor-widget-wrap elementor-element-populated\">\n\t\t\t\t\t\t<div class=\"elementor-element elementor-element-45dec6b elementor-widget elementor-widget-heading\" data-id=\"45dec6b\" data-element_type=\"widget\" data-e-type=\"widget\" data-widget_type=\"heading.default\">\n\t\t\t\t\t<h1 class=\"elementor-heading-title elementor-size-default\">Zeljko Schiess<\/h1>\t\t\t\t<\/div>\n\t\t\t\t<div class=\"elementor-element elementor-element-7cfa252 elementor-widget elementor-widget-text-editor\" data-id=\"7cfa252\" data-element_type=\"widget\" data-e-type=\"widget\" data-widget_type=\"text-editor.default\">\n\t\t\t\t\t\t\t\t\t<p data-start=\"276\" data-end=\"325\"><strong data-start=\"276\" data-end=\"323\">President of the IPO Section Germany e. V.<\/strong><\/p><p data-start=\"327\" data-end=\"388\" class=\"translation-block\"><strong>Date of Birth:<\/strong> June 17, 1974<br><strong>Nationality:<\/strong> German<\/p>\t\t\t\t\t\t\t\t<\/div>\n\t\t\t\t<div class=\"elementor-element elementor-element-f7ae872 elementor-align-center elementor-widget elementor-widget-button\" data-id=\"f7ae872\" data-element_type=\"widget\" data-e-type=\"widget\" data-widget_type=\"button.default\">\n\t\t\t\t\t\t\t\t\t\t<a class=\"elementor-button elementor-button-link elementor-size-sm\" href=\"mailto:president@ipo-sektiondeu.org\">\n\t\t\t\t\t\t<span class=\"elementor-button-content-wrapper\">\n\t\t\t\t\t\t\t\t\t<span class=\"elementor-button-text\">Get in Touch<\/span>\n\t\t\t\t\t<\/span>\n\t\t\t\t\t<\/a>\n\t\t\t\t\t\t\t\t<\/div>\n\t\t\t\t\t<\/div>\n\t\t<\/div>\n\t\t\t\t<div class=\"elementor-column elementor-col-50 elementor-top-column elementor-element elementor-element-0a2712e\" data-id=\"0a2712e\" data-element_type=\"column\" data-e-type=\"column\">\n\t\t\t<div class=\"elementor-widget-wrap elementor-element-populated\">\n\t\t\t\t\t\t<div class=\"elementor-element elementor-element-1bf60e1 elementor-widget elementor-widget-image\" data-id=\"1bf60e1\" data-element_type=\"widget\" data-e-type=\"widget\" data-widget_type=\"image.default\">\n\t\t\t\t\t\t\t\t\t\t\t\t\t\t\t<img fetchpriority=\"high\" decoding=\"async\" width=\"512\" height=\"512\" src=\"https:\/\/ipo-sektiondeu.org\/wp-content\/uploads\/2025\/08\/cropped-cropped-POLICIJA-MINHEN.pdf-scaled-1.png\" class=\"attachment-large size-large wp-image-70\" alt=\"\" srcset=\"https:\/\/ipo-sektiondeu.org\/wp-content\/uploads\/2025\/08\/cropped-cropped-POLICIJA-MINHEN.pdf-scaled-1.png 512w, https:\/\/ipo-sektiondeu.org\/wp-content\/uploads\/2025\/08\/cropped-cropped-POLICIJA-MINHEN.pdf-scaled-1-300x300.png 300w, https:\/\/ipo-sektiondeu.org\/wp-content\/uploads\/2025\/08\/cropped-cropped-POLICIJA-MINHEN.pdf-scaled-1-150x150.png 150w, https:\/\/ipo-sektiondeu.org\/wp-content\/uploads\/2025\/08\/cropped-cropped-POLICIJA-MINHEN.pdf-scaled-1-270x270.png 270w, https:\/\/ipo-sektiondeu.org\/wp-content\/uploads\/2025\/08\/cropped-cropped-POLICIJA-MINHEN.pdf-scaled-1-192x192.png 192w, https:\/\/ipo-sektiondeu.org\/wp-content\/uploads\/2025\/08\/cropped-cropped-POLICIJA-MINHEN.pdf-scaled-1-180x180.png 180w, https:\/\/ipo-sektiondeu.org\/wp-content\/uploads\/2025\/08\/cropped-cropped-POLICIJA-MINHEN.pdf-scaled-1-32x32.png 32w\" sizes=\"(max-width: 512px) 100vw, 512px\" \/>\t\t\t\t\t\t\t\t\t\t\t\t\t\t\t<\/div>\n\t\t\t\t\t<\/div>\n\t\t<\/div>\n\t\t\t\t\t<\/div>\n\t\t<\/section>\n\t\t\t\t<section class=\"elementor-section elementor-top-section elementor-element elementor-element-a7dd40a elementor-section-boxed elementor-section-height-default elementor-section-height-default\" data-id=\"a7dd40a\" data-element_type=\"section\" data-e-type=\"section\">\n\t\t\t\t\t\t<div class=\"elementor-container elementor-column-gap-default\">\n\t\t\t\t\t<div class=\"elementor-column elementor-col-100 elementor-top-column elementor-element elementor-element-fd0ffd3\" data-id=\"fd0ffd3\" data-element_type=\"column\" data-e-type=\"column\">\n\t\t\t<div class=\"elementor-widget-wrap elementor-element-populated\">\n\t\t\t\t\t\t<div class=\"elementor-element elementor-element-b87fbaf elementor-widget-divider--view-line elementor-widget elementor-widget-divider\" data-id=\"b87fbaf\" data-element_type=\"widget\" data-e-type=\"widget\" data-widget_type=\"divider.default\">\n\t\t\t\t\t\t\t<div class=\"elementor-divider\">\n\t\t\t<span class=\"elementor-divider-separator\">\n\t\t\t\t\t\t<\/span>\n\t\t<\/div>\n\t\t\t\t\t\t<\/div>\n\t\t\t\t<div class=\"elementor-element elementor-element-b481e1a elementor-widget elementor-widget-text-editor\" data-id=\"b481e1a\" data-element_type=\"widget\" data-e-type=\"widget\" data-widget_type=\"text-editor.default\">\n\t\t\t\t\t\t\t\t\t<p data-start=\"276\" data-end=\"325\" class=\"translation-block\"><strong>Functions &amp; Memberships<br><\/strong><br>President of the International Police Organization \u2013 Section Germany e. V.<br>Member of the Diplomatic Corps of the International Police Organization (IPO).<br>Official delegate at the United Nations Headquarters in New York, serving as a national security expert.<br>Full member of the International Bodyguard &amp; Security Services Association (IBSSA) as Security Expert.<br>Instructor for special units of the Europolice Federation in Germany.<\/p>\t\t\t\t\t\t\t\t<\/div>\n\t\t\t\t<div class=\"elementor-element elementor-element-53828bb elementor-widget-divider--view-line elementor-widget elementor-widget-divider\" data-id=\"53828bb\" data-element_type=\"widget\" data-e-type=\"widget\" data-widget_type=\"divider.default\">\n\t\t\t\t\t\t\t<div class=\"elementor-divider\">\n\t\t\t<span class=\"elementor-divider-separator\">\n\t\t\t\t\t\t<\/span>\n\t\t<\/div>\n\t\t\t\t\t\t<\/div>\n\t\t\t\t<div class=\"elementor-element elementor-element-0c00dde elementor-widget elementor-widget-text-editor\" data-id=\"0c00dde\" data-element_type=\"widget\" data-e-type=\"widget\" data-widget_type=\"text-editor.default\">\n\t\t\t\t\t\t\t\t\t<p data-start=\"276\" data-end=\"325\"><strong data-start=\"860\" data-end=\"887\">Beruflicher Hintergrund<br \/><\/strong><br data-start=\"956\" data-end=\"959\" \/>Internationale Eins\u00e4tze in den Bereichen Sicherheitsberatung, Personenschutz und Sicherheitsausbildung.<br data-start=\"1062\" data-end=\"1065\" \/>Umfangreiche Erfahrung in der Koordination von Sicherheitsoperationen in ganz Europa.<\/p>\t\t\t\t\t\t\t\t<\/div>\n\t\t\t\t<div class=\"elementor-element elementor-element-3b5ec07 elementor-widget-divider--view-line elementor-widget elementor-widget-divider\" data-id=\"3b5ec07\" data-element_type=\"widget\" data-e-type=\"widget\" data-widget_type=\"divider.default\">\n\t\t\t\t\t\t\t<div class=\"elementor-divider\">\n\t\t\t<span class=\"elementor-divider-separator\">\n\t\t\t\t\t\t<\/span>\n\t\t<\/div>\n\t\t\t\t\t\t<\/div>\n\t\t\t\t<div class=\"elementor-element elementor-element-7f9cd3f elementor-widget elementor-widget-text-editor\" data-id=\"7f9cd3f\" data-element_type=\"widget\" data-e-type=\"widget\" data-widget_type=\"text-editor.default\">\n\t\t\t\t\t\t\t\t\t<p data-start=\"1154\" data-end=\"1459\" class=\"translation-block\"><strong>Core Competencies<br><\/strong><br>International security policy.<br>Protection and escort of high-ranking individuals.<br>Training of special units.<br>Combating economic crime, money laundering, and organized crime.<br>Strategic cooperation with international security organizations.<\/p>\t\t\t\t\t\t\t\t<\/div>\n\t\t\t\t<div class=\"elementor-element elementor-element-914812c elementor-widget-divider--view-line elementor-widget elementor-widget-divider\" data-id=\"914812c\" data-element_type=\"widget\" data-e-type=\"widget\" data-widget_type=\"divider.default\">\n\t\t\t\t\t\t\t<div class=\"elementor-divider\">\n\t\t\t<span class=\"elementor-divider-separator\">\n\t\t\t\t\t\t<\/span>\n\t\t<\/div>\n\t\t\t\t\t\t<\/div>\n\t\t\t\t<div class=\"elementor-element elementor-element-d1f7616 elementor-widget elementor-widget-text-editor\" data-id=\"d1f7616\" data-element_type=\"widget\" data-e-type=\"widget\" data-widget_type=\"text-editor.default\">\n\t\t\t\t\t\t\t\t\t<p data-start=\"276\" data-end=\"325\" class=\"translation-block\"><strong>Languages<br><\/strong><br>German<br>English<br>Croatian\/Serbian\/Bosnian<\/p>\t\t\t\t\t\t\t\t<\/div>\n\t\t\t\t<div class=\"elementor-element elementor-element-371e3b9 elementor-widget-divider--view-line elementor-widget elementor-widget-divider\" data-id=\"371e3b9\" data-element_type=\"widget\" data-e-type=\"widget\" data-widget_type=\"divider.default\">\n\t\t\t\t\t\t\t<div class=\"elementor-divider\">\n\t\t\t<span class=\"elementor-divider-separator\">\n\t\t\t\t\t\t<\/span>\n\t\t<\/div>\n\t\t\t\t\t\t<\/div>\n\t\t\t\t<div class=\"elementor-element elementor-element-641a263 elementor-widget elementor-widget-text-editor\" data-id=\"641a263\" data-element_type=\"widget\" data-e-type=\"widget\" data-widget_type=\"text-editor.default\">\n\t\t\t\t\t\t\t\t\t<p data-start=\"276\" data-end=\"325\" class=\"translation-block\"><strong>Awards &amp; Appointments<br><\/strong><br>Multiple official appointments by international security organizations.<br>International recognition as an expert in security and protection services.<\/p>\t\t\t\t\t\t\t\t<\/div>\n\t\t\t\t\t<\/div>\n\t\t<\/div>\n\t\t\t\t\t<\/div>\n\t\t<\/section>\n\t\t\t\t<\/div>","protected":false},"excerpt":{"rendered":"<p>Zeljko Schiess Pr\u00e4sident der IPO Sektion Deutschland e. V. Geburtsdatum: 17. Juni 1974Nationalit\u00e4t: Deutsch Kontakt Funktionen &amp; MitgliedschaftenPr\u00e4sident der International [&hellip;]<\/p>\n","protected":false},"author":1,"featured_media":0,"parent":0,"menu_order":0,"comment_status":"closed","ping_status":"closed","template":"","meta":{"_eb_attr":"","site-sidebar-layout":"no-sidebar","site-content-layout":"","ast-site-content-layout":"full-width-container","site-content-style":"default","site-sidebar-style":"default","ast-global-header-display":"","ast-banner-title-visibility":"","ast-main-header-display":"","ast-hfb-above-header-display":"","ast-hfb-below-header-display":"","ast-hfb-mobile-header-display":"","site-post-title":"disabled","ast-breadcrumbs-content":"","ast-featured-img":"disabled","footer-sml-layout":"","ast-disable-related-posts":"","theme-transparent-header-meta":"","adv-header-id-meta":"","stick-header-meta":"","header-above-stick-meta":"","header-main-stick-meta":"","header-below-stick-meta":"","astra-migrate-meta-layouts":"default","ast-page-background-enabled":"default","ast-page-background-meta":{"desktop":{"background-color":"var(--ast-global-color-5)","background-image":"","background-repeat":"repeat","background-position":"center center","background-size":"auto","background-attachment":"scroll","background-type":"","background-media":"","overlay-type":"","overlay-color":"","overlay-opacity":"","overlay-gradient":""},"tablet":{"background-color":"","background-image":"","background-repeat":"repeat","background-position":"center center","background-size":"auto","background-attachment":"scroll","background-type":"","background-media":"","overlay-type":"","overlay-color":"","overlay-opacity":"","overlay-gradient":""},"mobile":{"background-color":"","background-image":"","background-repeat":"repeat","background-position":"center center","background-size":"auto","background-attachment":"scroll","background-type":"","background-media":"","overlay-type":"","overlay-color":"","overlay-opacity":"","overlay-gradient":""}},"ast-content-background-meta":{"desktop":{"background-color":"var(--ast-global-color-4)","background-image":"","background-repeat":"repeat","background-position":"center center","background-size":"auto","background-attachment":"scroll","background-type":"","background-media":"","overlay-type":"","overlay-color":"","overlay-opacity":"","overlay-gradient":""},"tablet":{"background-color":"var(--ast-global-color-4)","background-image":"","background-repeat":"repeat","background-position":"center center","background-size":"auto","background-attachment":"scroll","background-type":"","background-media":"","overlay-type":"","overlay-color":"","overlay-opacity":"","overlay-gradient":""},"mobile":{"background-color":"var(--ast-global-color-4)","background-image":"","background-repeat":"repeat","background-position":"center center","background-size":"auto","background-attachment":"scroll","background-type":"","background-media":"","overlay-type":"","overlay-color":"","overlay-opacity":"","overlay-gradient":""}},"footnotes":""},"class_list":["post-796","page","type-page","status-publish","hentry"],"yoast_head":"<!-- This site is optimized with the Yoast SEO plugin v27.5 - https:\/\/yoast.com\/product\/yoast-seo-wordpress\/ -->\n<title>Zeljko Schiess -<\/title>\n<meta name=\"description\" content=\"Zeljko Schiess ist Pr\u00e4sident der IPO Sektion Deutschland e.V. \u2013 erfahren Sie mehr \u00fcber seinen Werdegang und seine sicherheitspolitische Arbeit.\" \/>\n<meta name=\"robots\" content=\"index, follow, max-snippet:-1, max-image-preview:large, max-video-preview:-1\" \/>\n<link rel=\"canonical\" href=\"https:\/\/ipo-sektiondeu.org\/english\/zeljko-schiess-praesident-der-ipo-sektion-deutschland-e-v\/\" \/>\n<meta property=\"og:locale\" content=\"en_GB\" \/>\n<meta property=\"og:type\" content=\"article\" \/>\n<meta property=\"og:title\" content=\"Zeljko Schiess -\" \/>\n<meta property=\"og:description\" content=\"Zeljko Schiess ist Pr\u00e4sident der IPO Sektion Deutschland e.V. \u2013 erfahren Sie mehr \u00fcber seinen Werdegang und seine sicherheitspolitische Arbeit.\" \/>\n<meta property=\"og:url\" content=\"https:\/\/ipo-sektiondeu.org\/english\/zeljko-schiess-praesident-der-ipo-sektion-deutschland-e-v\/\" \/>\n<meta property=\"article:modified_time\" content=\"2025-09-10T08:53:10+00:00\" \/>\n<meta property=\"og:image\" content=\"https:\/\/ipo-sektiondeu.org\/wp-content\/uploads\/2025\/08\/cropped-cropped-POLICIJA-MINHEN.pdf-scaled-1.png\" \/>\n<meta name=\"twitter:card\" content=\"summary_large_image\" \/>\n<meta name=\"twitter:label1\" content=\"Estimated reading time\" \/>\n\t<meta name=\"twitter:data1\" content=\"1 minute\" \/>\n<script type=\"application\/ld+json\" class=\"yoast-schema-graph\">{\"@context\":\"https:\\\/\\\/schema.org\",\"@graph\":[{\"@type\":\"WebPage\",\"@id\":\"https:\\\/\\\/ipo-sektiondeu.org\\\/zeljko-schiess-praesident-der-ipo-sektion-deutschland-e-v\\\/\",\"url\":\"https:\\\/\\\/ipo-sektiondeu.org\\\/zeljko-schiess-praesident-der-ipo-sektion-deutschland-e-v\\\/\",\"name\":\"Zeljko Schiess -\",\"isPartOf\":{\"@id\":\"https:\\\/\\\/ipo-sektiondeu.org\\\/#website\"},\"primaryImageOfPage\":{\"@id\":\"https:\\\/\\\/ipo-sektiondeu.org\\\/zeljko-schiess-praesident-der-ipo-sektion-deutschland-e-v\\\/#primaryimage\"},\"image\":{\"@id\":\"https:\\\/\\\/ipo-sektiondeu.org\\\/zeljko-schiess-praesident-der-ipo-sektion-deutschland-e-v\\\/#primaryimage\"},\"thumbnailUrl\":\"https:\\\/\\\/ipo-sektiondeu.org\\\/wp-content\\\/uploads\\\/2025\\\/08\\\/cropped-cropped-POLICIJA-MINHEN.pdf-scaled-1.png\",\"datePublished\":\"2025-08-12T20:41:44+00:00\",\"dateModified\":\"2025-09-10T08:53:10+00:00\",\"description\":\"Zeljko Schiess ist Pr\u00e4sident der IPO Sektion Deutschland e.V. \u2013 erfahren Sie mehr \u00fcber seinen Werdegang und seine sicherheitspolitische Arbeit.\",\"breadcrumb\":{\"@id\":\"https:\\\/\\\/ipo-sektiondeu.org\\\/zeljko-schiess-praesident-der-ipo-sektion-deutschland-e-v\\\/#breadcrumb\"},\"inLanguage\":\"en-GB\",\"potentialAction\":[{\"@type\":\"ReadAction\",\"target\":[\"https:\\\/\\\/ipo-sektiondeu.org\\\/zeljko-schiess-praesident-der-ipo-sektion-deutschland-e-v\\\/\"]}]},{\"@type\":\"ImageObject\",\"inLanguage\":\"en-GB\",\"@id\":\"https:\\\/\\\/ipo-sektiondeu.org\\\/zeljko-schiess-praesident-der-ipo-sektion-deutschland-e-v\\\/#primaryimage\",\"url\":\"https:\\\/\\\/ipo-sektiondeu.org\\\/wp-content\\\/uploads\\\/2025\\\/08\\\/cropped-cropped-POLICIJA-MINHEN.pdf-scaled-1.png\",\"contentUrl\":\"https:\\\/\\\/ipo-sektiondeu.org\\\/wp-content\\\/uploads\\\/2025\\\/08\\\/cropped-cropped-POLICIJA-MINHEN.pdf-scaled-1.png\"},{\"@type\":\"BreadcrumbList\",\"@id\":\"https:\\\/\\\/ipo-sektiondeu.org\\\/zeljko-schiess-praesident-der-ipo-sektion-deutschland-e-v\\\/#breadcrumb\",\"itemListElement\":[{\"@type\":\"ListItem\",\"position\":1,\"name\":\"Startseite\",\"item\":\"https:\\\/\\\/ipo-sektiondeu.org\\\/\"},{\"@type\":\"ListItem\",\"position\":2,\"name\":\"Zeljko Schiess\"}]},{\"@type\":\"WebSite\",\"@id\":\"https:\\\/\\\/ipo-sektiondeu.org\\\/#website\",\"url\":\"https:\\\/\\\/ipo-sektiondeu.org\\\/\",\"name\":\"IPO Sektion Deutschland\",\"description\":\"IPO - Sektion Deutschland\",\"publisher\":{\"@id\":\"https:\\\/\\\/ipo-sektiondeu.org\\\/#organization\"},\"potentialAction\":[{\"@type\":\"SearchAction\",\"target\":{\"@type\":\"EntryPoint\",\"urlTemplate\":\"https:\\\/\\\/ipo-sektiondeu.org\\\/?s={search_term_string}\"},\"query-input\":{\"@type\":\"PropertyValueSpecification\",\"valueRequired\":true,\"valueName\":\"search_term_string\"}}],\"inLanguage\":\"en-GB\"},{\"@type\":\"Organization\",\"@id\":\"https:\\\/\\\/ipo-sektiondeu.org\\\/#organization\",\"name\":\"International Police Organization - Sektion Deutschland\",\"url\":\"https:\\\/\\\/ipo-sektiondeu.org\\\/\",\"logo\":{\"@type\":\"ImageObject\",\"inLanguage\":\"en-GB\",\"@id\":\"https:\\\/\\\/ipo-sektiondeu.org\\\/#\\\/schema\\\/logo\\\/image\\\/\",\"url\":\"https:\\\/\\\/ipo-sektiondeu.org\\\/wp-content\\\/uploads\\\/2025\\\/08\\\/cropped-Design-ohne-Titel-11.png\",\"contentUrl\":\"https:\\\/\\\/ipo-sektiondeu.org\\\/wp-content\\\/uploads\\\/2025\\\/08\\\/cropped-Design-ohne-Titel-11.png\",\"width\":1347,\"height\":1489,\"caption\":\"International Police Organization - Sektion Deutschland\"},\"image\":{\"@id\":\"https:\\\/\\\/ipo-sektiondeu.org\\\/#\\\/schema\\\/logo\\\/image\\\/\"}}]}<\/script>\n<!-- \/ Yoast SEO plugin. -->","yoast_head_json":{"title":"Zeljko Schiess -","description":"Zeljko Schiess ist Pr\u00e4sident der IPO Sektion Deutschland e.V. \u2013 erfahren Sie mehr \u00fcber seinen Werdegang und seine sicherheitspolitische Arbeit.","robots":{"index":"index","follow":"follow","max-snippet":"max-snippet:-1","max-image-preview":"max-image-preview:large","max-video-preview":"max-video-preview:-1"},"canonical":"https:\/\/ipo-sektiondeu.org\/english\/zeljko-schiess-praesident-der-ipo-sektion-deutschland-e-v\/","og_locale":"en_GB","og_type":"article","og_title":"Zeljko Schiess -","og_description":"Zeljko Schiess ist Pr\u00e4sident der IPO Sektion Deutschland e.V. \u2013 erfahren Sie mehr \u00fcber seinen Werdegang und seine sicherheitspolitische Arbeit.","og_url":"https:\/\/ipo-sektiondeu.org\/english\/zeljko-schiess-praesident-der-ipo-sektion-deutschland-e-v\/","article_modified_time":"2025-09-10T08:53:10+00:00","og_image":[{"url":"https:\/\/ipo-sektiondeu.org\/wp-content\/uploads\/2025\/08\/cropped-cropped-POLICIJA-MINHEN.pdf-scaled-1.png","type":"","width":"","height":""}],"twitter_card":"summary_large_image","twitter_misc":{"Estimated reading time":"1 minute"},"schema":{"@context":"https:\/\/schema.org","@graph":[{"@type":"WebPage","@id":"https:\/\/ipo-sektiondeu.org\/zeljko-schiess-praesident-der-ipo-sektion-deutschland-e-v\/","url":"https:\/\/ipo-sektiondeu.org\/zeljko-schiess-praesident-der-ipo-sektion-deutschland-e-v\/","name":"Zeljko Schiess -","isPartOf":{"@id":"https:\/\/ipo-sektiondeu.org\/#website"},"primaryImageOfPage":{"@id":"https:\/\/ipo-sektiondeu.org\/zeljko-schiess-praesident-der-ipo-sektion-deutschland-e-v\/#primaryimage"},"image":{"@id":"https:\/\/ipo-sektiondeu.org\/zeljko-schiess-praesident-der-ipo-sektion-deutschland-e-v\/#primaryimage"},"thumbnailUrl":"https:\/\/ipo-sektiondeu.org\/wp-content\/uploads\/2025\/08\/cropped-cropped-POLICIJA-MINHEN.pdf-scaled-1.png","datePublished":"2025-08-12T20:41:44+00:00","dateModified":"2025-09-10T08:53:10+00:00","description":"Zeljko Schiess ist Pr\u00e4sident der IPO Sektion Deutschland e.V. \u2013 erfahren Sie mehr \u00fcber seinen Werdegang und seine sicherheitspolitische Arbeit.","breadcrumb":{"@id":"https:\/\/ipo-sektiondeu.org\/zeljko-schiess-praesident-der-ipo-sektion-deutschland-e-v\/#breadcrumb"},"inLanguage":"en-GB","potentialAction":[{"@type":"ReadAction","target":["https:\/\/ipo-sektiondeu.org\/zeljko-schiess-praesident-der-ipo-sektion-deutschland-e-v\/"]}]},{"@type":"ImageObject","inLanguage":"en-GB","@id":"https:\/\/ipo-sektiondeu.org\/zeljko-schiess-praesident-der-ipo-sektion-deutschland-e-v\/#primaryimage","url":"https:\/\/ipo-sektiondeu.org\/wp-content\/uploads\/2025\/08\/cropped-cropped-POLICIJA-MINHEN.pdf-scaled-1.png","contentUrl":"https:\/\/ipo-sektiondeu.org\/wp-content\/uploads\/2025\/08\/cropped-cropped-POLICIJA-MINHEN.pdf-scaled-1.png"},{"@type":"BreadcrumbList","@id":"https:\/\/ipo-sektiondeu.org\/zeljko-schiess-praesident-der-ipo-sektion-deutschland-e-v\/#breadcrumb","itemListElement":[{"@type":"ListItem","position":1,"name":"Startseite","item":"https:\/\/ipo-sektiondeu.org\/"},{"@type":"ListItem","position":2,"name":"Zeljko Schiess"}]},{"@type":"WebSite","@id":"https:\/\/ipo-sektiondeu.org\/#website","url":"https:\/\/ipo-sektiondeu.org\/","name":"IPO Sektion Deutschland","description":"IPO - Sektion Deutschland","publisher":{"@id":"https:\/\/ipo-sektiondeu.org\/#organization"},"potentialAction":[{"@type":"SearchAction","target":{"@type":"EntryPoint","urlTemplate":"https:\/\/ipo-sektiondeu.org\/?s={search_term_string}"},"query-input":{"@type":"PropertyValueSpecification","valueRequired":true,"valueName":"search_term_string"}}],"inLanguage":"en-GB"},{"@type":"Organization","@id":"https:\/\/ipo-sektiondeu.org\/#organization","name":"International Police Organization - Sektion Deutschland","url":"https:\/\/ipo-sektiondeu.org\/","logo":{"@type":"ImageObject","inLanguage":"en-GB","@id":"https:\/\/ipo-sektiondeu.org\/#\/schema\/logo\/image\/","url":"https:\/\/ipo-sektiondeu.org\/wp-content\/uploads\/2025\/08\/cropped-Design-ohne-Titel-11.png","contentUrl":"https:\/\/ipo-sektiondeu.org\/wp-content\/uploads\/2025\/08\/cropped-Design-ohne-Titel-11.png","width":1347,"height":1489,"caption":"International Police Organization - Sektion Deutschland"},"image":{"@id":"https:\/\/ipo-sektiondeu.org\/#\/schema\/logo\/image\/"}}]}},"_links":{"self":[{"href":"https:\/\/ipo-sektiondeu.org\/english\/wp-json\/wp\/v2\/pages\/796","targetHints":{"allow":["GET"]}}],"collection":[{"href":"https:\/\/ipo-sektiondeu.org\/english\/wp-json\/wp\/v2\/pages"}],"about":[{"href":"https:\/\/ipo-sektiondeu.org\/english\/wp-json\/wp\/v2\/types\/page"}],"author":[{"embeddable":true,"href":"https:\/\/ipo-sektiondeu.org\/english\/wp-json\/wp\/v2\/users\/1"}],"replies":[{"embeddable":true,"href":"https:\/\/ipo-sektiondeu.org\/english\/wp-json\/wp\/v2\/comments?post=796"}],"version-history":[{"count":24,"href":"https:\/\/ipo-sektiondeu.org\/english\/wp-json\/wp\/v2\/pages\/796\/revisions"}],"predecessor-version":[{"id":989,"href":"https:\/\/ipo-sektiondeu.org\/english\/wp-json\/wp\/v2\/pages\/796\/revisions\/989"}],"wp:attachment":[{"href":"https:\/\/ipo-sektiondeu.org\/english\/wp-json\/wp\/v2\/media?parent=796"}],"curies":[{"name":"wp","href":"https:\/\/api.w.org\/{rel}","templated":true}]}}